{"id":56,"date":"2022-11-09T19:32:03","date_gmt":"2022-11-09T19:32:03","guid":{"rendered":"https:\/\/voxlab.oliverkrogsgaard.com\/?page_id=56"},"modified":"2024-06-05T10:14:47","modified_gmt":"2024-06-05T10:14:47","slug":"kontakt-og-priser","status":"publish","type":"page","link":"https:\/\/voxlab.dk\/en\/kontakt-og-priser\/","title":{"rendered":"Kontakt og priser"},"content":{"rendered":"<div data-elementor-type=\"wp-page\" data-elementor-id=\"56\" class=\"elementor elementor-56\">\n\t\t\t\t\t\t<section class=\"elementor-section elementor-top-section elementor-element elementor-element-09e49a2 elementor-section-height-min-height elementor-section-boxed elementor-section-height-default elementor-section-items-middle\" data-id=\"09e49a2\" data-element_type=\"section\" data-e-type=\"section\" data-settings=\"{&quot;background_background&quot;:&quot;classic&quot;}\">\n\t\t\t\t\t\t\t<div class=\"elementor-background-overlay\"><\/div>\n\t\t\t\t\t\t\t<div class=\"elementor-container elementor-column-gap-default\">\n\t\t\t\t\t<div class=\"elementor-column elementor-col-100 elementor-top-column elementor-element elementor-element-41be060\" data-id=\"41be060\" data-element_type=\"column\" data-e-type=\"column\">\n\t\t\t<div class=\"elementor-widget-wrap elementor-element-populated\">\n\t\t\t\t\t\t<div class=\"elementor-element elementor-element-ca56192 elementor-widget elementor-widget-heading\" data-id=\"ca56192\" data-element_type=\"widget\" data-e-type=\"widget\" data-widget_type=\"heading.default\">\n\t\t\t\t<div class=\"elementor-widget-container\">\n\t\t\t\t\t<h2 class=\"elementor-heading-title elementor-size-default\">Contact Us<\/h2>\t\t\t\t<\/div>\n\t\t\t\t<\/div>\n\t\t\t\t<div class=\"elementor-element elementor-element-cca870b elementor-widget__width-initial elementor-widget elementor-widget-text-editor\" data-id=\"cca870b\" data-element_type=\"widget\" data-e-type=\"widget\" data-widget_type=\"text-editor.default\">\n\t\t\t\t<div class=\"elementor-widget-container\">\n\t\t\t\t\t\t\t\t\t<p>Are you interested in optimizing your voice, oral communication and presentation skills? Call or write to us today for a no-obligation conversation about your goals and wishes. We offer tailor-made training programs.<\/p>\t\t\t\t\t\t\t\t<\/div>\n\t\t\t\t<\/div>\n\t\t\t\t<div class=\"elementor-element elementor-element-f308459 elementor-align-center elementor-icon-list--layout-traditional elementor-list-item-link-full_width elementor-widget elementor-widget-icon-list\" data-id=\"f308459\" data-element_type=\"widget\" data-e-type=\"widget\" data-widget_type=\"icon-list.default\">\n\t\t\t\t<div class=\"elementor-widget-container\">\n\t\t\t\t\t\t\t<ul class=\"elementor-icon-list-items\">\n\t\t\t\t\t\t\t<li class=\"elementor-icon-list-item\">\n\t\t\t\t\t\t\t\t\t\t\t<span class=\"elementor-icon-list-icon\">\n\t\t\t\t\t\t\t<i aria-hidden=\"true\" class=\"fas fa-phone-alt\"><\/i>\t\t\t\t\t\t<\/span>\n\t\t\t\t\t\t\t\t\t\t<span class=\"elementor-icon-list-text\">+45 21 96 99 11<\/span>\n\t\t\t\t\t\t\t\t\t<\/li>\n\t\t\t\t\t\t\t\t<li class=\"elementor-icon-list-item\">\n\t\t\t\t\t\t\t\t\t\t\t<span class=\"elementor-icon-list-icon\">\n\t\t\t\t\t\t\t<i aria-hidden=\"true\" class=\"far fa-envelope\"><\/i>\t\t\t\t\t\t<\/span>\n\t\t\t\t\t\t\t\t\t\t<span class=\"elementor-icon-list-text\">Info@voxlab.dk<\/span>\n\t\t\t\t\t\t\t\t\t<\/li>\n\t\t\t\t\t\t\t\t<li class=\"elementor-icon-list-item\">\n\t\t\t\t\t\t\t\t\t\t\t<span class=\"elementor-icon-list-icon\">\n\t\t\t\t\t\t\t<i aria-hidden=\"true\" class=\"fas fa-map-pin\"><\/i>\t\t\t\t\t\t<\/span>\n\t\t\t\t\t\t\t\t\t\t<span class=\"elementor-icon-list-text\">Constantiavej 1, 2960, Rungsted Kyst<\/span>\n\t\t\t\t\t\t\t\t\t<\/li>\n\t\t\t\t\t\t<\/ul>\n\t\t\t\t\t\t<\/div>\n\t\t\t\t<\/div>\n\t\t\t\t\t<\/div>\n\t\t<\/div>\n\t\t\t\t\t<\/div>\n\t\t<\/section>\n\t\t\t\t<footer class=\"elementor-section elementor-top-section elementor-element elementor-element-9f447bb elementor-section-height-min-height elementor-section-boxed elementor-section-height-default elementor-section-items-middle\" data-id=\"9f447bb\" data-element_type=\"section\" data-e-type=\"section\" data-settings=\"{&quot;background_background&quot;:&quot;classic&quot;}\">\n\t\t\t\t\t\t<div class=\"elementor-container elementor-column-gap-default\">\n\t\t\t\t\t<div class=\"elementor-column elementor-col-100 elementor-top-column elementor-element elementor-element-2d04047\" data-id=\"2d04047\" data-element_type=\"column\" data-e-type=\"column\">\n\t\t\t<div class=\"elementor-widget-wrap elementor-element-populated\">\n\t\t\t\t\t\t<section class=\"elementor-section elementor-inner-section elementor-element elementor-element-b88a821 elementor-section-boxed elementor-section-height-default elementor-section-height-default\" data-id=\"b88a821\" data-element_type=\"section\" data-e-type=\"section\">\n\t\t\t\t\t\t<div class=\"elementor-container elementor-column-gap-default\">\n\t\t\t\t\t<div class=\"elementor-column elementor-col-33 elementor-inner-column elementor-element elementor-element-5fd0499\" data-id=\"5fd0499\" data-element_type=\"column\" data-e-type=\"column\">\n\t\t\t<div class=\"elementor-widget-wrap elementor-element-populated\">\n\t\t\t\t\t\t<div class=\"elementor-element elementor-element-e26e9e0 elementor-widget elementor-widget-heading\" data-id=\"e26e9e0\" data-element_type=\"widget\" data-e-type=\"widget\" data-widget_type=\"heading.default\">\n\t\t\t\t<div class=\"elementor-widget-container\">\n\t\t\t\t\t<h2 class=\"elementor-heading-title elementor-size-default\">About Voxlab<\/h2>\t\t\t\t<\/div>\n\t\t\t\t<\/div>\n\t\t\t\t<div class=\"elementor-element elementor-element-55f667d elementor-widget__width-initial elementor-widget elementor-widget-heading\" data-id=\"55f667d\" data-element_type=\"widget\" data-e-type=\"widget\" data-widget_type=\"heading.default\">\n\t\t\t\t<div class=\"elementor-widget-container\">\n\t\t\t\t\t<h1 class=\"elementor-heading-title elementor-size-default\">Voxlab offers courses in Presentation Skills, Oral Communication, <br>Voice Training &amp; Nonverbal Assertiveness. You are welcome to contact us for a non-binding conversation about your wishes and needs for your course and possible prices. Prices. <\/h1>\t\t\t\t<\/div>\n\t\t\t\t<\/div>\n\t\t\t\t\t<\/div>\n\t\t<\/div>\n\t\t\t\t<div class=\"elementor-column elementor-col-33 elementor-inner-column elementor-element elementor-element-fde3e69\" data-id=\"fde3e69\" data-element_type=\"column\" data-e-type=\"column\">\n\t\t\t<div class=\"elementor-widget-wrap elementor-element-populated\">\n\t\t\t\t\t\t<div class=\"elementor-element elementor-element-585e9fe elementor-widget elementor-widget-heading\" data-id=\"585e9fe\" data-element_type=\"widget\" data-e-type=\"widget\" data-widget_type=\"heading.default\">\n\t\t\t\t<div class=\"elementor-widget-container\">\n\t\t\t\t\t<h2 class=\"elementor-heading-title elementor-size-default\">Contact Us<\/h2>\t\t\t\t<\/div>\n\t\t\t\t<\/div>\n\t\t\t\t<div class=\"elementor-element elementor-element-1aa9d97 elementor-widget__width-initial elementor-widget elementor-widget-text-editor\" data-id=\"1aa9d97\" data-element_type=\"widget\" data-e-type=\"widget\" data-widget_type=\"text-editor.default\">\n\t\t\t\t<div class=\"elementor-widget-container\">\n\t\t\t\t\t\t\t\t\t<p>Phone: +45 21 96 99 11<\/p><p>Email: info@voxlab.dk<\/p>\t\t\t\t\t\t\t\t<\/div>\n\t\t\t\t<\/div>\n\t\t\t\t<div class=\"elementor-element elementor-element-79cc5c7 elementor-icon-list--layout-traditional elementor-list-item-link-full_width elementor-widget elementor-widget-icon-list\" data-id=\"79cc5c7\" data-element_type=\"widget\" data-e-type=\"widget\" data-widget_type=\"icon-list.default\">\n\t\t\t\t<div class=\"elementor-widget-container\">\n\t\t\t\t\t\t\t<ul class=\"elementor-icon-list-items\">\n\t\t\t\t\t\t\t<li class=\"elementor-icon-list-item\">\n\t\t\t\t\t\t\t\t\t\t\t<a href=\"https:\/\/www.linkedin.com\/in\/vibeke-krogsgaard-founder-of-voxlab-12224a4\/\" target=\"_blank\">\n\n\t\t\t\t\t\t\t\t\t\t\t\t<span class=\"elementor-icon-list-icon\">\n\t\t\t\t\t\t\t<i aria-hidden=\"true\" class=\"fab fa-linkedin\"><\/i>\t\t\t\t\t\t<\/span>\n\t\t\t\t\t\t\t\t\t\t<span class=\"elementor-icon-list-text\">Find us on LinkedIn<\/span>\n\t\t\t\t\t\t\t\t\t\t\t<\/a>\n\t\t\t\t\t\t\t\t\t<\/li>\n\t\t\t\t\t\t\t\t<li class=\"elementor-icon-list-item\">\n\t\t\t\t\t\t\t\t\t\t\t<a href=\"https:\/\/www.facebook.com\/voxlab.dk\/\" target=\"_blank\">\n\n\t\t\t\t\t\t\t\t\t\t\t\t<span class=\"elementor-icon-list-icon\">\n\t\t\t\t\t\t\t<i aria-hidden=\"true\" class=\"fab fa-facebook-square\"><\/i>\t\t\t\t\t\t<\/span>\n\t\t\t\t\t\t\t\t\t\t<span class=\"elementor-icon-list-text\">Find us on Facebook<\/span>\n\t\t\t\t\t\t\t\t\t\t\t<\/a>\n\t\t\t\t\t\t\t\t\t<\/li>\n\t\t\t\t\t\t\t\t<li class=\"elementor-icon-list-item\">\n\t\t\t\t\t\t\t\t\t\t\t<a href=\"https:\/\/www.instagram.com\/vibekekrogsgaardvoxlab\/\" target=\"_blank\">\n\n\t\t\t\t\t\t\t\t\t\t\t\t<span class=\"elementor-icon-list-icon\">\n\t\t\t\t\t\t\t<i aria-hidden=\"true\" class=\"fab fa-instagram\"><\/i>\t\t\t\t\t\t<\/span>\n\t\t\t\t\t\t\t\t\t\t<span class=\"elementor-icon-list-text\">Find us on Instagram<\/span>\n\t\t\t\t\t\t\t\t\t\t\t<\/a>\n\t\t\t\t\t\t\t\t\t<\/li>\n\t\t\t\t\t\t<\/ul>\n\t\t\t\t\t\t<\/div>\n\t\t\t\t<\/div>\n\t\t\t\t\t<\/div>\n\t\t<\/div>\n\t\t\t\t<div class=\"elementor-column elementor-col-33 elementor-inner-column elementor-element elementor-element-c32edf4\" data-id=\"c32edf4\" data-element_type=\"column\" data-e-type=\"column\">\n\t\t\t<div class=\"elementor-widget-wrap elementor-element-populated\">\n\t\t\t\t\t\t<div class=\"elementor-element elementor-element-a514483 elementor-widget elementor-widget-heading\" data-id=\"a514483\" data-element_type=\"widget\" data-e-type=\"widget\" data-widget_type=\"heading.default\">\n\t\t\t\t<div class=\"elementor-widget-container\">\n\t\t\t\t\t<h2 class=\"elementor-heading-title elementor-size-default\">Adress<\/h2>\t\t\t\t<\/div>\n\t\t\t\t<\/div>\n\t\t\t\t<div class=\"elementor-element elementor-element-7b8f023 elementor-widget__width-initial elementor-widget elementor-widget-text-editor\" data-id=\"7b8f023\" data-element_type=\"widget\" data-e-type=\"widget\" data-widget_type=\"text-editor.default\">\n\t\t\t\t<div class=\"elementor-widget-container\">\n\t\t\t\t\t\t\t\t\t<p>Voxlab<\/p><p>Constantiavej 1<\/p><p>2960 Rungsted Kyst<\/p><p>\u00a0<\/p><p>CVR\/VAT DK-25642945<\/p>\t\t\t\t\t\t\t\t<\/div>\n\t\t\t\t<\/div>\n\t\t\t\t\t<\/div>\n\t\t<\/div>\n\t\t\t\t\t<\/div>\n\t\t<\/section>\n\t\t\t\t\t<\/div>\n\t\t<\/div>\n\t\t\t\t\t<\/div>\n\t\t<\/footer>\n\t\t\t\t<\/div>","protected":false},"excerpt":{"rendered":"<p>Kontakt os Har du interesse i at optimere din stemme, mundtlige formidling og pr\u00e6sentationsevner? Ring eller skriv til os i dag for en uforpligtende samtale om dine m\u00e5l og \u00f8nsker. Vi tilbyder skr\u00e6ddersyede tr\u00e6ningsprogrammer. +45 21 96 99 11 Info@voxlab.dk Constantiavej 1, 2960, Rungsted Kyst Om Voxlab Voxlab udbyder kurser i pr\u00e6sentationsteknik, mundtlig formidling, stemmetr\u00e6ning [&hellip;]<\/p>\n","protected":false},"author":1,"featured_media":0,"parent":0,"menu_order":0,"comment_status":"closed","ping_status":"closed","template":"","meta":{"ocean_post_layout":"full-screen","ocean_both_sidebars_style":"","ocean_both_sidebars_content_width":0,"ocean_both_sidebars_sidebars_width":0,"ocean_sidebar":"0","ocean_second_sidebar":"0","ocean_disable_margins":"enable","ocean_add_body_class":"","ocean_shortcode_before_top_bar":"","ocean_shortcode_after_top_bar":"","ocean_shortcode_before_header":"","ocean_shortcode_after_header":"","ocean_has_shortcode":"","ocean_shortcode_after_title":"","ocean_shortcode_before_footer_widgets":"","ocean_shortcode_after_footer_widgets":"","ocean_shortcode_before_footer_bottom":"","ocean_shortcode_after_footer_bottom":"","ocean_display_top_bar":"default","ocean_display_header":"default","ocean_header_style":"","ocean_center_header_left_menu":"0","ocean_custom_header_template":"0","ocean_custom_logo":0,"ocean_custom_retina_logo":0,"ocean_custom_logo_max_width":0,"ocean_custom_logo_tablet_max_width":0,"ocean_custom_logo_mobile_max_width":0,"ocean_custom_logo_max_height":0,"ocean_custom_logo_tablet_max_height":0,"ocean_custom_logo_mobile_max_height":0,"ocean_header_custom_menu":"0","ocean_menu_typo_font_family":"0","ocean_menu_typo_font_subset":"","ocean_menu_typo_font_size":0,"ocean_menu_typo_font_size_tablet":0,"ocean_menu_typo_font_size_mobile":0,"ocean_menu_typo_font_size_unit":"px","ocean_menu_typo_font_weight":"","ocean_menu_typo_font_weight_tablet":"","ocean_menu_typo_font_weight_mobile":"","ocean_menu_typo_transform":"","ocean_menu_typo_transform_tablet":"","ocean_menu_typo_transform_mobile":"","ocean_menu_typo_line_height":0,"ocean_menu_typo_line_height_tablet":0,"ocean_menu_typo_line_height_mobile":0,"ocean_menu_typo_line_height_unit":"","ocean_menu_typo_spacing":0,"ocean_menu_typo_spacing_tablet":0,"ocean_menu_typo_spacing_mobile":0,"ocean_menu_typo_spacing_unit":"","ocean_menu_link_color":"","ocean_menu_link_color_hover":"","ocean_menu_link_color_active":"","ocean_menu_link_background":"","ocean_menu_link_hover_background":"","ocean_menu_link_active_background":"","ocean_menu_social_links_bg":"","ocean_menu_social_hover_links_bg":"","ocean_menu_social_links_color":"","ocean_menu_social_hover_links_color":"","ocean_disable_title":"on","ocean_disable_heading":"default","ocean_post_title":"","ocean_post_subheading":"","ocean_post_title_style":"","ocean_post_title_background_color":"","ocean_post_title_background":0,"ocean_post_title_bg_image_position":"","ocean_post_title_bg_image_attachment":"","ocean_post_title_bg_image_repeat":"","ocean_post_title_bg_image_size":"","ocean_post_title_height":0,"ocean_post_title_bg_overlay":0.5,"ocean_post_title_bg_overlay_color":"","ocean_disable_breadcrumbs":"default","ocean_breadcrumbs_color":"","ocean_breadcrumbs_separator_color":"","ocean_breadcrumbs_links_color":"","ocean_breadcrumbs_links_hover_color":"","ocean_display_footer_widgets":"off","ocean_display_footer_bottom":"off","ocean_custom_footer_template":"0","footnotes":""},"class_list":["post-56","page","type-page","status-publish","hentry","entry"],"yoast_head":"<!-- This site is optimized with the Yoast SEO plugin v27.4 - https:\/\/yoast.com\/product\/yoast-seo-wordpress\/ -->\n<title>Kontakt og priser - Voxlab<\/title>\n<meta name=\"robots\" content=\"index, follow, max-snippet:-1, max-image-preview:large, max-video-preview:-1\" \/>\n<link rel=\"canonical\" href=\"https:\/\/voxlab.dk\/en\/kontakt-og-priser\/\" \/>\n<meta property=\"og:locale\" content=\"en_GB\" \/>\n<meta property=\"og:type\" content=\"article\" \/>\n<meta property=\"og:title\" content=\"Kontakt og priser - Voxlab\" \/>\n<meta property=\"og:description\" content=\"Kontakt os Har du interesse i at optimere din stemme, mundtlige formidling og pr\u00e6sentationsevner? Ring eller skriv til os i dag for en uforpligtende samtale om dine m\u00e5l og \u00f8nsker. Vi tilbyder skr\u00e6ddersyede tr\u00e6ningsprogrammer. +45 21 96 99 11 Info@voxlab.dk Constantiavej 1, 2960, Rungsted Kyst Om Voxlab Voxlab udbyder kurser i pr\u00e6sentationsteknik, mundtlig formidling, stemmetr\u00e6ning [&hellip;]\" \/>\n<meta property=\"og:url\" content=\"https:\/\/voxlab.dk\/en\/kontakt-og-priser\/\" \/>\n<meta property=\"og:site_name\" content=\"Voxlab\" \/>\n<meta property=\"article:publisher\" content=\"https:\/\/www.facebook.com\/voxlab.dk\/\" \/>\n<meta property=\"article:modified_time\" content=\"2024-06-05T10:14:47+00:00\" \/>\n<meta property=\"og:image\" content=\"https:\/\/voxlab.dk\/wp-content\/uploads\/2022\/11\/cropped-voxlab-logo.png\" \/>\n\t<meta property=\"og:image:width\" content=\"512\" \/>\n\t<meta property=\"og:image:height\" content=\"512\" \/>\n\t<meta property=\"og:image:type\" content=\"image\/png\" \/>\n<meta name=\"twitter:card\" content=\"summary_large_image\" \/>\n<meta name=\"twitter:label1\" content=\"Estimated reading time\" \/>\n\t<meta name=\"twitter:data1\" content=\"1 minute\" \/>\n<script type=\"application\/ld+json\" class=\"yoast-schema-graph\">{\"@context\":\"https:\\\/\\\/schema.org\",\"@graph\":[{\"@type\":\"WebPage\",\"@id\":\"https:\\\/\\\/voxlab.dk\\\/kontakt-og-priser\\\/\",\"url\":\"https:\\\/\\\/voxlab.dk\\\/kontakt-og-priser\\\/\",\"name\":\"Kontakt og priser - Voxlab\",\"isPartOf\":{\"@id\":\"https:\\\/\\\/voxlab.dk\\\/#website\"},\"datePublished\":\"2022-11-09T19:32:03+00:00\",\"dateModified\":\"2024-06-05T10:14:47+00:00\",\"breadcrumb\":{\"@id\":\"https:\\\/\\\/voxlab.dk\\\/kontakt-og-priser\\\/#breadcrumb\"},\"inLanguage\":\"en-GB\",\"potentialAction\":[{\"@type\":\"ReadAction\",\"target\":[\"https:\\\/\\\/voxlab.dk\\\/kontakt-og-priser\\\/\"]}]},{\"@type\":\"BreadcrumbList\",\"@id\":\"https:\\\/\\\/voxlab.dk\\\/kontakt-og-priser\\\/#breadcrumb\",\"itemListElement\":[{\"@type\":\"ListItem\",\"position\":1,\"name\":\"Home\",\"item\":\"https:\\\/\\\/voxlab.dk\\\/\"},{\"@type\":\"ListItem\",\"position\":2,\"name\":\"Kontakt og priser\"}]},{\"@type\":\"WebSite\",\"@id\":\"https:\\\/\\\/voxlab.dk\\\/#website\",\"url\":\"https:\\\/\\\/voxlab.dk\\\/\",\"name\":\"Voxlab - Kurser I Personlig Perfomance, Gennemslagskraft og Mundtlig Formidling\",\"description\":\"Pr\u00e6senter, Formidl og Overbevis bedre med vores kurser\",\"publisher\":{\"@id\":\"https:\\\/\\\/voxlab.dk\\\/#organization\"},\"alternateName\":\"Voxlab - Kurser I Personlig Perfomance\",\"potentialAction\":[{\"@type\":\"SearchAction\",\"target\":{\"@type\":\"EntryPoint\",\"urlTemplate\":\"https:\\\/\\\/voxlab.dk\\\/?s={search_term_string}\"},\"query-input\":{\"@type\":\"PropertyValueSpecification\",\"valueRequired\":true,\"valueName\":\"search_term_string\"}}],\"inLanguage\":\"en-GB\"},{\"@type\":\"Organization\",\"@id\":\"https:\\\/\\\/voxlab.dk\\\/#organization\",\"name\":\"Voxlab\",\"url\":\"https:\\\/\\\/voxlab.dk\\\/\",\"logo\":{\"@type\":\"ImageObject\",\"inLanguage\":\"en-GB\",\"@id\":\"https:\\\/\\\/voxlab.dk\\\/#\\\/schema\\\/logo\\\/image\\\/\",\"url\":\"https:\\\/\\\/voxlab.dk\\\/wp-content\\\/uploads\\\/2022\\\/11\\\/voxlab-logo.png\",\"contentUrl\":\"https:\\\/\\\/voxlab.dk\\\/wp-content\\\/uploads\\\/2022\\\/11\\\/voxlab-logo.png\",\"width\":274,\"height\":53,\"caption\":\"Voxlab\"},\"image\":{\"@id\":\"https:\\\/\\\/voxlab.dk\\\/#\\\/schema\\\/logo\\\/image\\\/\"},\"sameAs\":[\"https:\\\/\\\/www.facebook.com\\\/voxlab.dk\\\/\",\"https:\\\/\\\/www.linkedin.com\\\/in\\\/vibeke-krogsgaard-founder-of-voxlab-12224a4\\\/\",\"https:\\\/\\\/www.instagram.com\\\/vibekekrogsgaardvoxlab\\\/\"]}]}<\/script>\n<!-- \/ Yoast SEO plugin. -->","yoast_head_json":{"title":"Kontakt og priser - Voxlab","robots":{"index":"index","follow":"follow","max-snippet":"max-snippet:-1","max-image-preview":"max-image-preview:large","max-video-preview":"max-video-preview:-1"},"canonical":"https:\/\/voxlab.dk\/en\/kontakt-og-priser\/","og_locale":"en_GB","og_type":"article","og_title":"Kontakt og priser - Voxlab","og_description":"Kontakt os Har du interesse i at optimere din stemme, mundtlige formidling og pr\u00e6sentationsevner? Ring eller skriv til os i dag for en uforpligtende samtale om dine m\u00e5l og \u00f8nsker. Vi tilbyder skr\u00e6ddersyede tr\u00e6ningsprogrammer. +45 21 96 99 11 Info@voxlab.dk Constantiavej 1, 2960, Rungsted Kyst Om Voxlab Voxlab udbyder kurser i pr\u00e6sentationsteknik, mundtlig formidling, stemmetr\u00e6ning [&hellip;]","og_url":"https:\/\/voxlab.dk\/en\/kontakt-og-priser\/","og_site_name":"Voxlab","article_publisher":"https:\/\/www.facebook.com\/voxlab.dk\/","article_modified_time":"2024-06-05T10:14:47+00:00","og_image":[{"width":512,"height":512,"url":"https:\/\/voxlab.dk\/wp-content\/uploads\/2022\/11\/cropped-voxlab-logo.png","type":"image\/png"}],"twitter_card":"summary_large_image","twitter_misc":{"Estimated reading time":"1 minute"},"schema":{"@context":"https:\/\/schema.org","@graph":[{"@type":"WebPage","@id":"https:\/\/voxlab.dk\/kontakt-og-priser\/","url":"https:\/\/voxlab.dk\/kontakt-og-priser\/","name":"Kontakt og priser - Voxlab","isPartOf":{"@id":"https:\/\/voxlab.dk\/#website"},"datePublished":"2022-11-09T19:32:03+00:00","dateModified":"2024-06-05T10:14:47+00:00","breadcrumb":{"@id":"https:\/\/voxlab.dk\/kontakt-og-priser\/#breadcrumb"},"inLanguage":"en-GB","potentialAction":[{"@type":"ReadAction","target":["https:\/\/voxlab.dk\/kontakt-og-priser\/"]}]},{"@type":"BreadcrumbList","@id":"https:\/\/voxlab.dk\/kontakt-og-priser\/#breadcrumb","itemListElement":[{"@type":"ListItem","position":1,"name":"Home","item":"https:\/\/voxlab.dk\/"},{"@type":"ListItem","position":2,"name":"Kontakt og priser"}]},{"@type":"WebSite","@id":"https:\/\/voxlab.dk\/#website","url":"https:\/\/voxlab.dk\/","name":"Voxlab - Kurser I Personlig Perfomance, Gennemslagskraft og Mundtlig Formidling","description":"Pr\u00e6senter, Formidl og Overbevis bedre med vores kurser","publisher":{"@id":"https:\/\/voxlab.dk\/#organization"},"alternateName":"Voxlab - Kurser I Personlig Perfomance","potentialAction":[{"@type":"SearchAction","target":{"@type":"EntryPoint","urlTemplate":"https:\/\/voxlab.dk\/?s={search_term_string}"},"query-input":{"@type":"PropertyValueSpecification","valueRequired":true,"valueName":"search_term_string"}}],"inLanguage":"en-GB"},{"@type":"Organization","@id":"https:\/\/voxlab.dk\/#organization","name":"Voxlab","url":"https:\/\/voxlab.dk\/","logo":{"@type":"ImageObject","inLanguage":"en-GB","@id":"https:\/\/voxlab.dk\/#\/schema\/logo\/image\/","url":"https:\/\/voxlab.dk\/wp-content\/uploads\/2022\/11\/voxlab-logo.png","contentUrl":"https:\/\/voxlab.dk\/wp-content\/uploads\/2022\/11\/voxlab-logo.png","width":274,"height":53,"caption":"Voxlab"},"image":{"@id":"https:\/\/voxlab.dk\/#\/schema\/logo\/image\/"},"sameAs":["https:\/\/www.facebook.com\/voxlab.dk\/","https:\/\/www.linkedin.com\/in\/vibeke-krogsgaard-founder-of-voxlab-12224a4\/","https:\/\/www.instagram.com\/vibekekrogsgaardvoxlab\/"]}]}},"_links":{"self":[{"href":"https:\/\/voxlab.dk\/en\/wp-json\/wp\/v2\/pages\/56","targetHints":{"allow":["GET"]}}],"collection":[{"href":"https:\/\/voxlab.dk\/en\/wp-json\/wp\/v2\/pages"}],"about":[{"href":"https:\/\/voxlab.dk\/en\/wp-json\/wp\/v2\/types\/page"}],"author":[{"embeddable":true,"href":"https:\/\/voxlab.dk\/en\/wp-json\/wp\/v2\/users\/1"}],"replies":[{"embeddable":true,"href":"https:\/\/voxlab.dk\/en\/wp-json\/wp\/v2\/comments?post=56"}],"version-history":[{"count":72,"href":"https:\/\/voxlab.dk\/en\/wp-json\/wp\/v2\/pages\/56\/revisions"}],"predecessor-version":[{"id":1686,"href":"https:\/\/voxlab.dk\/en\/wp-json\/wp\/v2\/pages\/56\/revisions\/1686"}],"wp:attachment":[{"href":"https:\/\/voxlab.dk\/en\/wp-json\/wp\/v2\/media?parent=56"}],"curies":[{"name":"wp","href":"https:\/\/api.w.org\/{rel}","templated":true}]}}