{"id":1097,"date":"2023-08-31T07:39:21","date_gmt":"2023-08-31T07:39:21","guid":{"rendered":"https:\/\/voxlab.oliverkrogsgaard.com\/?page_id=1097"},"modified":"2023-08-31T08:15:53","modified_gmt":"2023-08-31T08:15:53","slug":"privatlivspolitik","status":"publish","type":"page","link":"https:\/\/voxlab.dk\/en\/privatlivspolitik\/","title":{"rendered":"Privatlivspolitik"},"content":{"rendered":"<div data-elementor-type=\"wp-page\" data-elementor-id=\"1097\" class=\"elementor elementor-1097\">\n\t\t\t\t\t\t<section class=\"elementor-section elementor-top-section elementor-element elementor-element-cd523d4 elementor-section-height-min-height elementor-section-boxed elementor-section-height-default elementor-section-items-middle\" data-id=\"cd523d4\" data-element_type=\"section\" data-e-type=\"section\" data-settings=\"{&quot;background_background&quot;:&quot;classic&quot;}\">\n\t\t\t\t\t\t<div class=\"elementor-container elementor-column-gap-default\">\n\t\t\t\t\t<div class=\"elementor-column elementor-col-100 elementor-top-column elementor-element elementor-element-ff4616c\" data-id=\"ff4616c\" data-element_type=\"column\" data-e-type=\"column\">\n\t\t\t<div class=\"elementor-widget-wrap elementor-element-populated\">\n\t\t\t\t\t\t<div class=\"elementor-element elementor-element-55bc78c elementor-widget elementor-widget-heading\" data-id=\"55bc78c\" data-element_type=\"widget\" data-e-type=\"widget\" data-widget_type=\"heading.default\">\n\t\t\t\t<div class=\"elementor-widget-container\">\n\t\t\t\t\t<h2 class=\"elementor-heading-title elementor-size-default\">Privatlivspolitik<\/h2>\t\t\t\t<\/div>\n\t\t\t\t<\/div>\n\t\t\t\t<div class=\"elementor-element elementor-element-8d34b04 elementor-widget-divider--view-line elementor-widget elementor-widget-divider\" data-id=\"8d34b04\" data-element_type=\"widget\" data-e-type=\"widget\" data-widget_type=\"divider.default\">\n\t\t\t\t<div class=\"elementor-widget-container\">\n\t\t\t\t\t\t\t<div class=\"elementor-divider\">\n\t\t\t<span class=\"elementor-divider-separator\">\n\t\t\t\t\t\t<\/span>\n\t\t<\/div>\n\t\t\t\t\t\t<\/div>\n\t\t\t\t<\/div>\n\t\t\t\t<div class=\"elementor-element elementor-element-f8f34a4 elementor-widget__width-initial elementor-widget elementor-widget-text-editor\" data-id=\"f8f34a4\" data-element_type=\"widget\" data-e-type=\"widget\" data-widget_type=\"text-editor.default\">\n\t\t\t\t<div class=\"elementor-widget-container\">\n\t\t\t\t\t\t\t\t\t<p>N\u00e5r virksomheden \u00a0k\u00f8ber Voxlab\u00b4s kurser skal der opgives \u00a0firmanavn, kontaktperson, mailadresse, og telefonnummer. N\u00e5r det er en offentlig institution, skal der oftest endvidere oplyses EAN nummer.<\/p><p>Der samtykkes samtidigt til, at Voxlab opbevarer disse data. Dataerne anvendes bl.a. til at fremsende deltagerbreve, kursusslides, og tr\u00e6ningsvideoer. \u00a0Ingen oplysninger videregives, og s\u00e6lges ikke til tredjepart.<\/p><p>Hvis der er \u00a0brug for at f\u00e5 indsigt, i hvilke data vi har om jeres virksomhed, s\u00e5 kontakt os. Efter det aftalte arrangement er afholdt, kan virksomheden til enhver tid bede om at f\u00e5 slettet deres data. Dette skal ske mailadresse info@voxlab.dk .<\/p><p>Vi bruger cookies p\u00e5 hjemmesiden til statistiske form\u00e5l for at forbedre brugeroplevelsen.<\/p><p>\u00a0<\/p><div class=\"clear\">\u00a0<\/div>\t\t\t\t\t\t\t\t<\/div>\n\t\t\t\t<\/div>\n\t\t\t\t\t<\/div>\n\t\t<\/div>\n\t\t\t\t\t<\/div>\n\t\t<\/section>\n\t\t\t\t<\/div>","protected":false},"excerpt":{"rendered":"<p>Privatlivspolitik N\u00e5r virksomheden \u00a0k\u00f8ber Voxlab\u00b4s kurser skal der opgives \u00a0firmanavn, kontaktperson, mailadresse, og telefonnummer. N\u00e5r det er en offentlig institution, skal der oftest endvidere oplyses EAN nummer. Der samtykkes samtidigt til, at Voxlab opbevarer disse data. Dataerne anvendes bl.a. til at fremsende deltagerbreve, kursusslides, og tr\u00e6ningsvideoer. \u00a0Ingen oplysninger videregives, og s\u00e6lges ikke til tredjepart. Hvis [&hellip;]<\/p>\n","protected":false},"author":1,"featured_media":0,"parent":0,"menu_order":0,"comment_status":"closed","ping_status":"closed","template":"","meta":{"ocean_post_layout":"full-screen","ocean_both_sidebars_style":"","ocean_both_sidebars_content_width":0,"ocean_both_sidebars_sidebars_width":0,"ocean_sidebar":"0","ocean_second_sidebar":"0","ocean_disable_margins":"enable","ocean_add_body_class":"","ocean_shortcode_before_top_bar":"","ocean_shortcode_after_top_bar":"","ocean_shortcode_before_header":"","ocean_shortcode_after_header":"","ocean_has_shortcode":"","ocean_shortcode_after_title":"","ocean_shortcode_before_footer_widgets":"","ocean_shortcode_after_footer_widgets":"","ocean_shortcode_before_footer_bottom":"","ocean_shortcode_after_footer_bottom":"","ocean_display_top_bar":"default","ocean_display_header":"default","ocean_header_style":"","ocean_center_header_left_menu":"0","ocean_custom_header_template":"0","ocean_custom_logo":0,"ocean_custom_retina_logo":0,"ocean_custom_logo_max_width":0,"ocean_custom_logo_tablet_max_width":0,"ocean_custom_logo_mobile_max_width":0,"ocean_custom_logo_max_height":0,"ocean_custom_logo_tablet_max_height":0,"ocean_custom_logo_mobile_max_height":0,"ocean_header_custom_menu":"0","ocean_menu_typo_font_family":"0","ocean_menu_typo_font_subset":"","ocean_menu_typo_font_size":0,"ocean_menu_typo_font_size_tablet":0,"ocean_menu_typo_font_size_mobile":0,"ocean_menu_typo_font_size_unit":"px","ocean_menu_typo_font_weight":"","ocean_menu_typo_font_weight_tablet":"","ocean_menu_typo_font_weight_mobile":"","ocean_menu_typo_transform":"","ocean_menu_typo_transform_tablet":"","ocean_menu_typo_transform_mobile":"","ocean_menu_typo_line_height":0,"ocean_menu_typo_line_height_tablet":0,"ocean_menu_typo_line_height_mobile":0,"ocean_menu_typo_line_height_unit":"","ocean_menu_typo_spacing":0,"ocean_menu_typo_spacing_tablet":0,"ocean_menu_typo_spacing_mobile":0,"ocean_menu_typo_spacing_unit":"","ocean_menu_link_color":"","ocean_menu_link_color_hover":"","ocean_menu_link_color_active":"","ocean_menu_link_background":"","ocean_menu_link_hover_background":"","ocean_menu_link_active_background":"","ocean_menu_social_links_bg":"","ocean_menu_social_hover_links_bg":"","ocean_menu_social_links_color":"","ocean_menu_social_hover_links_color":"","ocean_disable_title":"on","ocean_disable_heading":"default","ocean_post_title":"","ocean_post_subheading":"","ocean_post_title_style":"","ocean_post_title_background_color":"","ocean_post_title_background":0,"ocean_post_title_bg_image_position":"","ocean_post_title_bg_image_attachment":"","ocean_post_title_bg_image_repeat":"","ocean_post_title_bg_image_size":"","ocean_post_title_height":0,"ocean_post_title_bg_overlay":0.5,"ocean_post_title_bg_overlay_color":"","ocean_disable_breadcrumbs":"default","ocean_breadcrumbs_color":"","ocean_breadcrumbs_separator_color":"","ocean_breadcrumbs_links_color":"","ocean_breadcrumbs_links_hover_color":"","ocean_display_footer_widgets":"off","ocean_display_footer_bottom":"off","ocean_custom_footer_template":"0","footnotes":""},"class_list":["post-1097","page","type-page","status-publish","hentry","entry"],"yoast_head":"<!-- This site is optimized with the Yoast SEO plugin v27.5 - https:\/\/yoast.com\/product\/yoast-seo-wordpress\/ -->\n<title>Privatlivspolitik - Voxlab<\/title>\n<meta name=\"robots\" content=\"index, follow, max-snippet:-1, max-image-preview:large, max-video-preview:-1\" \/>\n<link rel=\"canonical\" href=\"https:\/\/voxlab.dk\/en\/privatlivspolitik\/\" \/>\n<meta property=\"og:locale\" content=\"en_GB\" \/>\n<meta property=\"og:type\" content=\"article\" \/>\n<meta property=\"og:title\" content=\"Privatlivspolitik - Voxlab\" \/>\n<meta property=\"og:description\" content=\"Privatlivspolitik N\u00e5r virksomheden \u00a0k\u00f8ber Voxlab\u00b4s kurser skal der opgives \u00a0firmanavn, kontaktperson, mailadresse, og telefonnummer. N\u00e5r det er en offentlig institution, skal der oftest endvidere oplyses EAN nummer. Der samtykkes samtidigt til, at Voxlab opbevarer disse data. Dataerne anvendes bl.a. til at fremsende deltagerbreve, kursusslides, og tr\u00e6ningsvideoer. \u00a0Ingen oplysninger videregives, og s\u00e6lges ikke til tredjepart. Hvis [&hellip;]\" \/>\n<meta property=\"og:url\" content=\"https:\/\/voxlab.dk\/en\/privatlivspolitik\/\" \/>\n<meta property=\"og:site_name\" content=\"Voxlab\" \/>\n<meta property=\"article:publisher\" content=\"https:\/\/www.facebook.com\/voxlab.dk\/\" \/>\n<meta property=\"article:modified_time\" content=\"2023-08-31T08:15:53+00:00\" \/>\n<meta property=\"og:image\" content=\"https:\/\/voxlab.dk\/wp-content\/uploads\/2022\/11\/cropped-voxlab-logo.png\" \/>\n\t<meta property=\"og:image:width\" content=\"512\" \/>\n\t<meta property=\"og:image:height\" content=\"512\" \/>\n\t<meta property=\"og:image:type\" content=\"image\/png\" \/>\n<meta name=\"twitter:card\" content=\"summary_large_image\" \/>\n<meta name=\"twitter:label1\" content=\"Estimated reading time\" \/>\n\t<meta name=\"twitter:data1\" content=\"1 minute\" \/>\n<script type=\"application\/ld+json\" class=\"yoast-schema-graph\">{\"@context\":\"https:\\\/\\\/schema.org\",\"@graph\":[{\"@type\":\"WebPage\",\"@id\":\"https:\\\/\\\/voxlab.dk\\\/privatlivspolitik\\\/\",\"url\":\"https:\\\/\\\/voxlab.dk\\\/privatlivspolitik\\\/\",\"name\":\"Privatlivspolitik - Voxlab\",\"isPartOf\":{\"@id\":\"https:\\\/\\\/voxlab.dk\\\/#website\"},\"datePublished\":\"2023-08-31T07:39:21+00:00\",\"dateModified\":\"2023-08-31T08:15:53+00:00\",\"breadcrumb\":{\"@id\":\"https:\\\/\\\/voxlab.dk\\\/privatlivspolitik\\\/#breadcrumb\"},\"inLanguage\":\"en-GB\",\"potentialAction\":[{\"@type\":\"ReadAction\",\"target\":[\"https:\\\/\\\/voxlab.dk\\\/privatlivspolitik\\\/\"]}]},{\"@type\":\"BreadcrumbList\",\"@id\":\"https:\\\/\\\/voxlab.dk\\\/privatlivspolitik\\\/#breadcrumb\",\"itemListElement\":[{\"@type\":\"ListItem\",\"position\":1,\"name\":\"Home\",\"item\":\"https:\\\/\\\/voxlab.dk\\\/\"},{\"@type\":\"ListItem\",\"position\":2,\"name\":\"Privatlivspolitik\"}]},{\"@type\":\"WebSite\",\"@id\":\"https:\\\/\\\/voxlab.dk\\\/#website\",\"url\":\"https:\\\/\\\/voxlab.dk\\\/\",\"name\":\"Voxlab - Kurser I Personlig Perfomance, Gennemslagskraft og Mundtlig Formidling\",\"description\":\"Pr\u00e6senter, Formidl og Overbevis bedre med vores kurser\",\"publisher\":{\"@id\":\"https:\\\/\\\/voxlab.dk\\\/#organization\"},\"alternateName\":\"Voxlab - Kurser I Personlig Perfomance\",\"potentialAction\":[{\"@type\":\"SearchAction\",\"target\":{\"@type\":\"EntryPoint\",\"urlTemplate\":\"https:\\\/\\\/voxlab.dk\\\/?s={search_term_string}\"},\"query-input\":{\"@type\":\"PropertyValueSpecification\",\"valueRequired\":true,\"valueName\":\"search_term_string\"}}],\"inLanguage\":\"en-GB\"},{\"@type\":\"Organization\",\"@id\":\"https:\\\/\\\/voxlab.dk\\\/#organization\",\"name\":\"Voxlab\",\"url\":\"https:\\\/\\\/voxlab.dk\\\/\",\"logo\":{\"@type\":\"ImageObject\",\"inLanguage\":\"en-GB\",\"@id\":\"https:\\\/\\\/voxlab.dk\\\/#\\\/schema\\\/logo\\\/image\\\/\",\"url\":\"https:\\\/\\\/voxlab.dk\\\/wp-content\\\/uploads\\\/2022\\\/11\\\/voxlab-logo.png\",\"contentUrl\":\"https:\\\/\\\/voxlab.dk\\\/wp-content\\\/uploads\\\/2022\\\/11\\\/voxlab-logo.png\",\"width\":274,\"height\":53,\"caption\":\"Voxlab\"},\"image\":{\"@id\":\"https:\\\/\\\/voxlab.dk\\\/#\\\/schema\\\/logo\\\/image\\\/\"},\"sameAs\":[\"https:\\\/\\\/www.facebook.com\\\/voxlab.dk\\\/\",\"https:\\\/\\\/www.linkedin.com\\\/in\\\/vibeke-krogsgaard-founder-of-voxlab-12224a4\\\/\",\"https:\\\/\\\/www.instagram.com\\\/vibekekrogsgaardvoxlab\\\/\"]}]}<\/script>\n<!-- \/ Yoast SEO plugin. -->","yoast_head_json":{"title":"Privatlivspolitik - Voxlab","robots":{"index":"index","follow":"follow","max-snippet":"max-snippet:-1","max-image-preview":"max-image-preview:large","max-video-preview":"max-video-preview:-1"},"canonical":"https:\/\/voxlab.dk\/en\/privatlivspolitik\/","og_locale":"en_GB","og_type":"article","og_title":"Privatlivspolitik - Voxlab","og_description":"Privatlivspolitik N\u00e5r virksomheden \u00a0k\u00f8ber Voxlab\u00b4s kurser skal der opgives \u00a0firmanavn, kontaktperson, mailadresse, og telefonnummer. N\u00e5r det er en offentlig institution, skal der oftest endvidere oplyses EAN nummer. Der samtykkes samtidigt til, at Voxlab opbevarer disse data. Dataerne anvendes bl.a. til at fremsende deltagerbreve, kursusslides, og tr\u00e6ningsvideoer. \u00a0Ingen oplysninger videregives, og s\u00e6lges ikke til tredjepart. Hvis [&hellip;]","og_url":"https:\/\/voxlab.dk\/en\/privatlivspolitik\/","og_site_name":"Voxlab","article_publisher":"https:\/\/www.facebook.com\/voxlab.dk\/","article_modified_time":"2023-08-31T08:15:53+00:00","og_image":[{"width":512,"height":512,"url":"https:\/\/voxlab.dk\/wp-content\/uploads\/2022\/11\/cropped-voxlab-logo.png","type":"image\/png"}],"twitter_card":"summary_large_image","twitter_misc":{"Estimated reading time":"1 minute"},"schema":{"@context":"https:\/\/schema.org","@graph":[{"@type":"WebPage","@id":"https:\/\/voxlab.dk\/privatlivspolitik\/","url":"https:\/\/voxlab.dk\/privatlivspolitik\/","name":"Privatlivspolitik - Voxlab","isPartOf":{"@id":"https:\/\/voxlab.dk\/#website"},"datePublished":"2023-08-31T07:39:21+00:00","dateModified":"2023-08-31T08:15:53+00:00","breadcrumb":{"@id":"https:\/\/voxlab.dk\/privatlivspolitik\/#breadcrumb"},"inLanguage":"en-GB","potentialAction":[{"@type":"ReadAction","target":["https:\/\/voxlab.dk\/privatlivspolitik\/"]}]},{"@type":"BreadcrumbList","@id":"https:\/\/voxlab.dk\/privatlivspolitik\/#breadcrumb","itemListElement":[{"@type":"ListItem","position":1,"name":"Home","item":"https:\/\/voxlab.dk\/"},{"@type":"ListItem","position":2,"name":"Privatlivspolitik"}]},{"@type":"WebSite","@id":"https:\/\/voxlab.dk\/#website","url":"https:\/\/voxlab.dk\/","name":"Voxlab - Kurser I Personlig Perfomance, Gennemslagskraft og Mundtlig Formidling","description":"Pr\u00e6senter, Formidl og Overbevis bedre med vores kurser","publisher":{"@id":"https:\/\/voxlab.dk\/#organization"},"alternateName":"Voxlab - Kurser I Personlig Perfomance","potentialAction":[{"@type":"SearchAction","target":{"@type":"EntryPoint","urlTemplate":"https:\/\/voxlab.dk\/?s={search_term_string}"},"query-input":{"@type":"PropertyValueSpecification","valueRequired":true,"valueName":"search_term_string"}}],"inLanguage":"en-GB"},{"@type":"Organization","@id":"https:\/\/voxlab.dk\/#organization","name":"Voxlab","url":"https:\/\/voxlab.dk\/","logo":{"@type":"ImageObject","inLanguage":"en-GB","@id":"https:\/\/voxlab.dk\/#\/schema\/logo\/image\/","url":"https:\/\/voxlab.dk\/wp-content\/uploads\/2022\/11\/voxlab-logo.png","contentUrl":"https:\/\/voxlab.dk\/wp-content\/uploads\/2022\/11\/voxlab-logo.png","width":274,"height":53,"caption":"Voxlab"},"image":{"@id":"https:\/\/voxlab.dk\/#\/schema\/logo\/image\/"},"sameAs":["https:\/\/www.facebook.com\/voxlab.dk\/","https:\/\/www.linkedin.com\/in\/vibeke-krogsgaard-founder-of-voxlab-12224a4\/","https:\/\/www.instagram.com\/vibekekrogsgaardvoxlab\/"]}]}},"_links":{"self":[{"href":"https:\/\/voxlab.dk\/en\/wp-json\/wp\/v2\/pages\/1097","targetHints":{"allow":["GET"]}}],"collection":[{"href":"https:\/\/voxlab.dk\/en\/wp-json\/wp\/v2\/pages"}],"about":[{"href":"https:\/\/voxlab.dk\/en\/wp-json\/wp\/v2\/types\/page"}],"author":[{"embeddable":true,"href":"https:\/\/voxlab.dk\/en\/wp-json\/wp\/v2\/users\/1"}],"replies":[{"embeddable":true,"href":"https:\/\/voxlab.dk\/en\/wp-json\/wp\/v2\/comments?post=1097"}],"version-history":[{"count":8,"href":"https:\/\/voxlab.dk\/en\/wp-json\/wp\/v2\/pages\/1097\/revisions"}],"predecessor-version":[{"id":1139,"href":"https:\/\/voxlab.dk\/en\/wp-json\/wp\/v2\/pages\/1097\/revisions\/1139"}],"wp:attachment":[{"href":"https:\/\/voxlab.dk\/en\/wp-json\/wp\/v2\/media?parent=1097"}],"curies":[{"name":"wp","href":"https:\/\/api.w.org\/{rel}","templated":true}]}}